{"id":135,"date":"2024-06-30T14:15:25","date_gmt":"2024-06-30T12:15:25","guid":{"rendered":"https:\/\/sitemlc.fosserat.ch\/?page_id=135"},"modified":"2024-07-03T14:17:06","modified_gmt":"2024-07-03T12:17:06","slug":"module","status":"publish","type":"page","link":"https:\/\/sitemlc.fosserat.ch\/?page_id=135","title":{"rendered":"MODULE"},"content":{"rendered":"\t\t<div data-elementor-type=\"wp-page\" data-elementor-id=\"135\" class=\"elementor elementor-135\" data-elementor-post-type=\"page\">\n\t\t\t\t<div class=\"elementor-element elementor-element-8189d0a e-flex e-con-boxed e-con e-parent\" data-id=\"8189d0a\" data-element_type=\"container\" data-settings=\"{&quot;background_background&quot;:&quot;classic&quot;}\">\n\t\t\t\t\t<div class=\"e-con-inner\">\n\t\t\t\t<div class=\"elementor-element elementor-element-db31d68 elementor-widget elementor-widget-heading\" data-id=\"db31d68\" data-element_type=\"widget\" data-widget_type=\"heading.default\">\n\t\t\t\t<div class=\"elementor-widget-container\">\n\t\t\t<style>\/*! elementor - v3.22.0 - 26-06-2024 *\/\n.elementor-heading-title{padding:0;margin:0;line-height:1}.elementor-widget-heading .elementor-heading-title[class*=elementor-size-]>a{color:inherit;font-size:inherit;line-height:inherit}.elementor-widget-heading .elementor-heading-title.elementor-size-small{font-size:15px}.elementor-widget-heading .elementor-heading-title.elementor-size-medium{font-size:19px}.elementor-widget-heading .elementor-heading-title.elementor-size-large{font-size:29px}.elementor-widget-heading .elementor-heading-title.elementor-size-xl{font-size:39px}.elementor-widget-heading .elementor-heading-title.elementor-size-xxl{font-size:59px}<\/style><h1 class=\"elementor-heading-title elementor-size-default\">MODULES MLC<\/h1>\t\t<\/div>\n\t\t\t\t<\/div>\n\t\t\t\t\t<\/div>\n\t\t\t\t<\/div>\n\t\t<div class=\"elementor-element elementor-element-05199a0 e-flex e-con-boxed e-con e-parent\" data-id=\"05199a0\" data-element_type=\"container\" data-settings=\"{&quot;background_background&quot;:&quot;classic&quot;}\">\n\t\t\t\t\t<div class=\"e-con-inner\">\n\t\t<div class=\"elementor-element elementor-element-d215958 e-con-full e-flex e-con e-child\" data-id=\"d215958\" data-element_type=\"container\">\n\t\t\t\t<div class=\"elementor-element elementor-element-cdb6b16 elementor-widget elementor-widget-text-editor\" data-id=\"cdb6b16\" data-element_type=\"widget\" data-widget_type=\"text-editor.default\">\n\t\t\t\t<div class=\"elementor-widget-container\">\n\t\t\t<style>\/*! elementor - v3.22.0 - 26-06-2024 *\/\n.elementor-widget-text-editor.elementor-drop-cap-view-stacked .elementor-drop-cap{background-color:#69727d;color:#fff}.elementor-widget-text-editor.elementor-drop-cap-view-framed .elementor-drop-cap{color:#69727d;border:3px solid;background-color:transparent}.elementor-widget-text-editor:not(.elementor-drop-cap-view-default) .elementor-drop-cap{margin-top:8px}.elementor-widget-text-editor:not(.elementor-drop-cap-view-default) .elementor-drop-cap-letter{width:1em;height:1em}.elementor-widget-text-editor .elementor-drop-cap{float:left;text-align:center;line-height:1;font-size:50px}.elementor-widget-text-editor .elementor-drop-cap-letter{display:inline-block}<\/style>\t\t\t\t<p><strong>4-5 livres de la bible suivis en parall\u00e8le <\/strong><\/p><p><strong>la d\u00e9couverte des profondeurs de Dieu<\/strong><\/p><p><strong>un \u00e9quipement pour construire sa Foi <\/strong><\/p><p><strong>ces modules\u00a0 sont construits sur 10 journ\u00e9es de 5-6 heures<\/strong><\/p>\t\t\t\t\t\t<\/div>\n\t\t\t\t<\/div>\n\t\t\t\t<\/div>\n\t\t\t\t\t<\/div>\n\t\t\t\t<\/div>\n\t\t<div class=\"elementor-element elementor-element-7942e9e e-flex e-con-boxed e-con e-parent\" data-id=\"7942e9e\" data-element_type=\"container\">\n\t\t\t\t\t<div class=\"e-con-inner\">\n\t\t\t\t<div class=\"elementor-element elementor-element-954193b elementor-posts__hover-none elementor-grid-tablet-1 elementor-posts--align-left elementor-grid-3 elementor-grid-mobile-1 elementor-posts--thumbnail-top elementor-card-shadow-yes elementor-widget elementor-widget-posts\" data-id=\"954193b\" data-element_type=\"widget\" data-settings=\"{&quot;cards_columns_tablet&quot;:&quot;1&quot;,&quot;cards_row_gap&quot;:{&quot;unit&quot;:&quot;px&quot;,&quot;size&quot;:31,&quot;sizes&quot;:[]},&quot;pagination_type&quot;:&quot;load_more_infinite_scroll&quot;,&quot;cards_columns&quot;:&quot;3&quot;,&quot;cards_columns_mobile&quot;:&quot;1&quot;,&quot;cards_row_gap_tablet&quot;:{&quot;unit&quot;:&quot;px&quot;,&quot;size&quot;:&quot;&quot;,&quot;sizes&quot;:[]},&quot;cards_row_gap_mobile&quot;:{&quot;unit&quot;:&quot;px&quot;,&quot;size&quot;:&quot;&quot;,&quot;sizes&quot;:[]},&quot;load_more_spinner&quot;:{&quot;value&quot;:&quot;fas fa-spinner&quot;,&quot;library&quot;:&quot;fa-solid&quot;}}\" data-widget_type=\"posts.cards\">\n\t\t\t\t<div class=\"elementor-widget-container\">\n\t\t\t<link rel=\"stylesheet\" href=\"https:\/\/sitemlc.fosserat.ch\/wp-content\/plugins\/elementor-pro\/assets\/css\/widget-posts.min.css\">\t\t<div class=\"elementor-posts-container elementor-posts elementor-posts--skin-cards elementor-grid\">\n\t\t\t\t<article class=\"elementor-post elementor-grid-item post-379 module type-module status-publish has-post-thumbnail hentry\">\n\t\t\t<div class=\"elementor-post__card\">\n\t\t\t\t<a class=\"elementor-post__thumbnail__link\" href=\"https:\/\/sitemlc.fosserat.ch\/?module=module-i\" tabindex=\"-1\" ><div class=\"elementor-post__thumbnail\"><img fetchpriority=\"high\" decoding=\"async\" width=\"1707\" height=\"2560\" src=\"https:\/\/sitemlc.fosserat.ch\/wp-content\/uploads\/2024\/06\/old-tree-sydney-botanical-garden-sunlight-daytime-scaled.jpg\" class=\"attachment-full size-full wp-image-21\" alt=\"\" srcset=\"https:\/\/sitemlc.fosserat.ch\/wp-content\/uploads\/2024\/06\/old-tree-sydney-botanical-garden-sunlight-daytime-scaled.jpg 1707w, https:\/\/sitemlc.fosserat.ch\/wp-content\/uploads\/2024\/06\/old-tree-sydney-botanical-garden-sunlight-daytime-200x300.jpg 200w, https:\/\/sitemlc.fosserat.ch\/wp-content\/uploads\/2024\/06\/old-tree-sydney-botanical-garden-sunlight-daytime-683x1024.jpg 683w, https:\/\/sitemlc.fosserat.ch\/wp-content\/uploads\/2024\/06\/old-tree-sydney-botanical-garden-sunlight-daytime-768x1152.jpg 768w, https:\/\/sitemlc.fosserat.ch\/wp-content\/uploads\/2024\/06\/old-tree-sydney-botanical-garden-sunlight-daytime-1024x1536.jpg 1024w, https:\/\/sitemlc.fosserat.ch\/wp-content\/uploads\/2024\/06\/old-tree-sydney-botanical-garden-sunlight-daytime-1365x2048.jpg 1365w\" sizes=\"(max-width: 1707px) 100vw, 1707px\" \/><\/div><\/a>\n\t\t\t\t<div class=\"elementor-post__text\">\n\t\t\t\t<h3 class=\"elementor-post__title\">\n\t\t\t<a href=\"https:\/\/sitemlc.fosserat.ch\/?module=module-i\" >\n\t\t\t\tModule I\t\t\t<\/a>\n\t\t<\/h3>\n\t\t\t\t<div class=\"elementor-post__excerpt\">\n\t\t\t<p>Dieu inaccessible \u00e0 l&rsquo;homme, peut-il \u00eatre rencontrer par lui ?<br \/>\nSi un cadre nous est accessible, quel est-il?<br \/>\nEst-il possible d&rsquo;\u00eatre en relation avec lui?<br \/>\n quels sont les fruits reconnaissables qui en d\u00e9coulent ?<\/p>\n\t\t<\/div>\n\t\t\t\t\t<div class=\"elementor-post__read-more-wrapper\">\n\t\t\n\t\t<a class=\"elementor-post__read-more\" href=\"https:\/\/sitemlc.fosserat.ch\/?module=module-i\" aria-label=\"En savoir plus sur Module I\" tabindex=\"-1\" >\n\t\t\tLire la suite \u00bb\t\t<\/a>\n\n\t\t\t\t\t<\/div>\n\t\t\t\t<\/div>\n\t\t\t\t\t<\/div>\n\t\t<\/article>\n\t\t\t\t<article class=\"elementor-post elementor-grid-item post-670 module type-module status-publish has-post-thumbnail hentry\">\n\t\t\t<div class=\"elementor-post__card\">\n\t\t\t\t<a class=\"elementor-post__thumbnail__link\" href=\"https:\/\/sitemlc.fosserat.ch\/?module=module-iii\" tabindex=\"-1\" ><div class=\"elementor-post__thumbnail\"><img decoding=\"async\" width=\"1600\" height=\"1067\" src=\"https:\/\/sitemlc.fosserat.ch\/wp-content\/uploads\/2024\/07\/ndjxr9xphdk.jpg\" class=\"attachment-full size-full wp-image-694\" alt=\"green leafed tree on mountain\" srcset=\"https:\/\/sitemlc.fosserat.ch\/wp-content\/uploads\/2024\/07\/ndjxr9xphdk.jpg 1600w, https:\/\/sitemlc.fosserat.ch\/wp-content\/uploads\/2024\/07\/ndjxr9xphdk-300x200.jpg 300w, https:\/\/sitemlc.fosserat.ch\/wp-content\/uploads\/2024\/07\/ndjxr9xphdk-1024x683.jpg 1024w, https:\/\/sitemlc.fosserat.ch\/wp-content\/uploads\/2024\/07\/ndjxr9xphdk-768x512.jpg 768w, https:\/\/sitemlc.fosserat.ch\/wp-content\/uploads\/2024\/07\/ndjxr9xphdk-1536x1024.jpg 1536w\" sizes=\"(max-width: 1600px) 100vw, 1600px\" \/><\/div><\/a>\n\t\t\t\t<div class=\"elementor-post__text\">\n\t\t\t\t<h3 class=\"elementor-post__title\">\n\t\t\t<a href=\"https:\/\/sitemlc.fosserat.ch\/?module=module-iii\" >\n\t\t\t\tModule II\t\t\t<\/a>\n\t\t<\/h3>\n\t\t\t\t<div class=\"elementor-post__excerpt\">\n\t\t\t<p>Intervention magistrale de Dieu dans la d\u00e9livrance de son peuple de l&rsquo;esclavage.<br \/>\nl&rsquo;Humain est mort, alors qu&rsquo;il respire comment sortir de cette mort ?<br \/>\nCommnet vivre dans les lieux c\u00e9lestes les pieds ici sur la terre. Le But est d&rsquo;acqu\u00e9rir une nouvelle nature forte et mature. <\/p>\n\t\t<\/div>\n\t\t\t\t\t<div class=\"elementor-post__read-more-wrapper\">\n\t\t\n\t\t<a class=\"elementor-post__read-more\" href=\"https:\/\/sitemlc.fosserat.ch\/?module=module-iii\" aria-label=\"En savoir plus sur Module II\" tabindex=\"-1\" >\n\t\t\tLire la suite \u00bb\t\t<\/a>\n\n\t\t\t\t\t<\/div>\n\t\t\t\t<\/div>\n\t\t\t\t\t<\/div>\n\t\t<\/article>\n\t\t\t\t<article class=\"elementor-post elementor-grid-item post-762 module type-module status-publish has-post-thumbnail hentry\">\n\t\t\t<div class=\"elementor-post__card\">\n\t\t\t\t<a class=\"elementor-post__thumbnail__link\" href=\"https:\/\/sitemlc.fosserat.ch\/?module=module-ii-2\" tabindex=\"-1\" ><div class=\"elementor-post__thumbnail\"><img decoding=\"async\" width=\"1600\" height=\"900\" src=\"https:\/\/sitemlc.fosserat.ch\/wp-content\/uploads\/2024\/07\/lxtlqcsal-8.jpg\" class=\"attachment-full size-full wp-image-698\" alt=\"reflective photography of bare tee on body of water under dim clouds\" srcset=\"https:\/\/sitemlc.fosserat.ch\/wp-content\/uploads\/2024\/07\/lxtlqcsal-8.jpg 1600w, https:\/\/sitemlc.fosserat.ch\/wp-content\/uploads\/2024\/07\/lxtlqcsal-8-300x169.jpg 300w, https:\/\/sitemlc.fosserat.ch\/wp-content\/uploads\/2024\/07\/lxtlqcsal-8-1024x576.jpg 1024w, https:\/\/sitemlc.fosserat.ch\/wp-content\/uploads\/2024\/07\/lxtlqcsal-8-768x432.jpg 768w, https:\/\/sitemlc.fosserat.ch\/wp-content\/uploads\/2024\/07\/lxtlqcsal-8-1536x864.jpg 1536w\" sizes=\"(max-width: 1600px) 100vw, 1600px\" \/><\/div><\/a>\n\t\t\t\t<div class=\"elementor-post__text\">\n\t\t\t\t<h3 class=\"elementor-post__title\">\n\t\t\t<a href=\"https:\/\/sitemlc.fosserat.ch\/?module=module-ii-2\" >\n\t\t\t\tModule III\t\t\t<\/a>\n\t\t<\/h3>\n\t\t\t\t<div class=\"elementor-post__excerpt\">\n\t\t\t<p>Comment tenir ferme alors que tous sont d\u00e9port\u00e9s ou marchent \u00e0 c\u00f4t\u00e9 d&rsquo;eux-m\u00eame?<br \/>\nCe module \u00e0 pour objectif de vous permettre d\u2019acqu\u00e9rir des outils indispensables<br \/>\npour ne pas perdre pied  dans votre vie.<\/p>\n\t\t<\/div>\n\t\t\t\t\t<div class=\"elementor-post__read-more-wrapper\">\n\t\t\n\t\t<a class=\"elementor-post__read-more\" href=\"https:\/\/sitemlc.fosserat.ch\/?module=module-ii-2\" aria-label=\"En savoir plus sur Module III\" tabindex=\"-1\" >\n\t\t\tLire la suite \u00bb\t\t<\/a>\n\n\t\t\t\t\t<\/div>\n\t\t\t\t<\/div>\n\t\t\t\t\t<\/div>\n\t\t<\/article>\n\t\t\t\t<\/div>\n\t\t\t\t\t<span class=\"e-load-more-spinner\">\n\t\t\t\t<svg aria-hidden=\"true\" class=\"e-font-icon-svg e-fas-spinner\" viewBox=\"0 0 512 512\" xmlns=\"http:\/\/www.w3.org\/2000\/svg\"><path d=\"M304 48c0 26.51-21.49 48-48 48s-48-21.49-48-48 21.49-48 48-48 48 21.49 48 48zm-48 368c-26.51 0-48 21.49-48 48s21.49 48 48 48 48-21.49 48-48-21.49-48-48-48zm208-208c-26.51 0-48 21.49-48 48s21.49 48 48 48 48-21.49 48-48-21.49-48-48-48zM96 256c0-26.51-21.49-48-48-48S0 229.49 0 256s21.49 48 48 48 48-21.49 48-48zm12.922 99.078c-26.51 0-48 21.49-48 48s21.49 48 48 48 48-21.49 48-48c0-26.509-21.491-48-48-48zm294.156 0c-26.51 0-48 21.49-48 48s21.49 48 48 48 48-21.49 48-48c0-26.509-21.49-48-48-48zM108.922 60.922c-26.51 0-48 21.49-48 48s21.49 48 48 48 48-21.49 48-48-21.491-48-48-48z\"><\/path><\/svg>\t\t\t<\/span>\n\t\t\n\t\t\t\t<\/div>\n\t\t\t\t<\/div>\n\t\t\t\t\t<\/div>\n\t\t\t\t<\/div>\n\t\t<div class=\"elementor-element elementor-element-13db226 e-flex e-con-boxed e-con e-parent\" data-id=\"13db226\" data-element_type=\"container\" data-settings=\"{&quot;shape_divider_bottom&quot;:&quot;opacity-fan&quot;}\">\n\t\t\t\t\t<div class=\"e-con-inner\">\n\t\t\t\t<div class=\"elementor-shape elementor-shape-bottom\" data-negative=\"false\">\n\t\t\t<svg xmlns=\"http:\/\/www.w3.org\/2000\/svg\" viewBox=\"0 0 283.5 19.6\" preserveAspectRatio=\"none\">\n\t<path class=\"elementor-shape-fill\" style=\"opacity:0.33\" d=\"M0 0L0 18.8 141.8 4.1 283.5 18.8 283.5 0z\"\/>\n\t<path class=\"elementor-shape-fill\" style=\"opacity:0.33\" d=\"M0 0L0 12.6 141.8 4 283.5 12.6 283.5 0z\"\/>\n\t<path class=\"elementor-shape-fill\" style=\"opacity:0.33\" d=\"M0 0L0 6.4 141.8 4 283.5 6.4 283.5 0z\"\/>\n\t<path class=\"elementor-shape-fill\" d=\"M0 0L0 1.2 141.8 4 283.5 1.2 283.5 0z\"\/>\n<\/svg>\t\t<\/div>\n\t\t\t\t<div class=\"elementor-element elementor-element-d7eb902 elementor-widget elementor-widget-video\" data-id=\"d7eb902\" data-element_type=\"widget\" data-settings=\"{&quot;video_type&quot;:&quot;hosted&quot;,&quot;autoplay&quot;:&quot;yes&quot;,&quot;controls&quot;:&quot;yes&quot;}\" data-widget_type=\"video.default\">\n\t\t\t\t<div class=\"elementor-widget-container\">\n\t\t\t<style>\/*! elementor - v3.22.0 - 26-06-2024 *\/\n.elementor-widget-video .elementor-widget-container{overflow:hidden;transform:translateZ(0)}.elementor-widget-video .elementor-wrapper{aspect-ratio:var(--video-aspect-ratio)}.elementor-widget-video .elementor-wrapper iframe,.elementor-widget-video .elementor-wrapper video{height:100%;width:100%;display:flex;border:none;background-color:#000}@supports not (aspect-ratio:1\/1){.elementor-widget-video .elementor-wrapper{position:relative;overflow:hidden;height:0;padding-bottom:calc(100% \/ var(--video-aspect-ratio))}.elementor-widget-video .elementor-wrapper iframe,.elementor-widget-video .elementor-wrapper video{position:absolute;top:0;right:0;bottom:0;left:0}}.elementor-widget-video .elementor-open-inline .elementor-custom-embed-image-overlay{position:absolute;top:0;right:0;bottom:0;left:0;background-size:cover;background-position:50%}.elementor-widget-video .elementor-custom-embed-image-overlay{cursor:pointer;text-align:center}.elementor-widget-video .elementor-custom-embed-image-overlay:hover .elementor-custom-embed-play i{opacity:1}.elementor-widget-video .elementor-custom-embed-image-overlay img{display:block;width:100%;aspect-ratio:var(--video-aspect-ratio);-o-object-fit:cover;object-fit:cover;-o-object-position:center center;object-position:center center}@supports not (aspect-ratio:1\/1){.elementor-widget-video .elementor-custom-embed-image-overlay{position:relative;overflow:hidden;height:0;padding-bottom:calc(100% \/ var(--video-aspect-ratio))}.elementor-widget-video .elementor-custom-embed-image-overlay img{position:absolute;top:0;right:0;bottom:0;left:0}}.elementor-widget-video .e-hosted-video .elementor-video{-o-object-fit:cover;object-fit:cover}.e-con-inner>.elementor-widget-video,.e-con>.elementor-widget-video{width:var(--container-widget-width);--flex-grow:var(--container-widget-flex-grow)}<\/style>\t\t<div class=\"e-hosted-video elementor-wrapper elementor-open-inline\">\n\t\t\t\t\t<video class=\"elementor-video\" src=\"https:\/\/sitemlc.fosserat.ch\/wp-content\/uploads\/2024\/07\/4qv0ARoV.mp4\" autoplay=\"\" controls=\"\" controlsList=\"nodownload\"><\/video>\n\t\t\t\t<\/div>\n\t\t\t\t<\/div>\n\t\t\t\t<\/div>\n\t\t\t\t\t<\/div>\n\t\t\t\t<\/div>\n\t\t\t\t<\/div>\n\t\t","protected":false},"excerpt":{"rendered":"<p>MODULES MLC 4-5 livres de la bible suivis en parall\u00e8le la d\u00e9couverte des profondeurs de Dieu un \u00e9quipement pour construire sa Foi ces modules\u00a0 sont construits sur 10 journ\u00e9es de 5-6 heures https:\/\/sitemlc.fosserat.ch\/wp-content\/uploads\/2024\/07\/4qv0ARoV.mp4<\/p>\n","protected":false},"author":2,"featured_media":0,"parent":0,"menu_order":0,"comment_status":"closed","ping_status":"closed","template":"elementor_theme","meta":{"_acf_changed":false,"footnotes":""},"class_list":["post-135","page","type-page","status-publish","hentry"],"acf":[],"_links":{"self":[{"href":"https:\/\/sitemlc.fosserat.ch\/index.php?rest_route=\/wp\/v2\/pages\/135","targetHints":{"allow":["GET"]}}],"collection":[{"href":"https:\/\/sitemlc.fosserat.ch\/index.php?rest_route=\/wp\/v2\/pages"}],"about":[{"href":"https:\/\/sitemlc.fosserat.ch\/index.php?rest_route=\/wp\/v2\/types\/page"}],"author":[{"embeddable":true,"href":"https:\/\/sitemlc.fosserat.ch\/index.php?rest_route=\/wp\/v2\/users\/2"}],"replies":[{"embeddable":true,"href":"https:\/\/sitemlc.fosserat.ch\/index.php?rest_route=%2Fwp%2Fv2%2Fcomments&post=135"}],"version-history":[{"count":277,"href":"https:\/\/sitemlc.fosserat.ch\/index.php?rest_route=\/wp\/v2\/pages\/135\/revisions"}],"predecessor-version":[{"id":1385,"href":"https:\/\/sitemlc.fosserat.ch\/index.php?rest_route=\/wp\/v2\/pages\/135\/revisions\/1385"}],"wp:attachment":[{"href":"https:\/\/sitemlc.fosserat.ch\/index.php?rest_route=%2Fwp%2Fv2%2Fmedia&parent=135"}],"curies":[{"name":"wp","href":"https:\/\/api.w.org\/{rel}","templated":true}]}}